{"id":2237,"date":"2024-07-08T09:29:19","date_gmt":"2024-07-08T09:29:19","guid":{"rendered":"https:\/\/frvilleroy.fr\/?post_type=product&#038;p=2237"},"modified":"2025-10-07T09:32:40","modified_gmt":"2025-10-07T09:32:40","slug":"matin-de-7h00-a-14h00","status":"publish","type":"product","link":"https:\/\/frvilleroy.fr\/?product=matin-de-7h00-a-14h00","title":{"rendered":"Matin de 7h00 \u00e0 14h00"},"content":{"rendered":"<p>Mercredi matin de 7h \u00e0 14h \u00e0 14\u20ac<\/p>\n","protected":false},"excerpt":{"rendered":"<p>Mercredi matin de 7h \u00e0 14h \u00e0 14\u20ac<\/p>\n","protected":false},"featured_media":1776,"comment_status":"open","ping_status":"closed","template":"","meta":[],"product_brand":[],"product_cat":[68],"product_tag":[],"class_list":{"0":"post-2237","1":"product","2":"type-product","3":"status-publish","4":"has-post-thumbnail","6":"product_cat-activites","7":"bookacti-activity","9":"first","10":"instock","11":"virtual","12":"purchasable","13":"product-type-simple"},"jetpack_sharing_enabled":true,"_links":{"self":[{"href":"https:\/\/frvilleroy.fr\/index.php?rest_route=\/wp\/v2\/product\/2237","targetHints":{"allow":["GET"]}}],"collection":[{"href":"https:\/\/frvilleroy.fr\/index.php?rest_route=\/wp\/v2\/product"}],"about":[{"href":"https:\/\/frvilleroy.fr\/index.php?rest_route=\/wp\/v2\/types\/product"}],"replies":[{"embeddable":true,"href":"https:\/\/frvilleroy.fr\/index.php?rest_route=%2Fwp%2Fv2%2Fcomments&post=2237"}],"wp:featuredmedia":[{"embeddable":true,"href":"https:\/\/frvilleroy.fr\/index.php?rest_route=\/wp\/v2\/media\/1776"}],"wp:attachment":[{"href":"https:\/\/frvilleroy.fr\/index.php?rest_route=%2Fwp%2Fv2%2Fmedia&parent=2237"}],"wp:term":[{"taxonomy":"product_brand","embeddable":true,"href":"https:\/\/frvilleroy.fr\/index.php?rest_route=%2Fwp%2Fv2%2Fproduct_brand&post=2237"},{"taxonomy":"product_cat","embeddable":true,"href":"https:\/\/frvilleroy.fr\/index.php?rest_route=%2Fwp%2Fv2%2Fproduct_cat&post=2237"},{"taxonomy":"product_tag","embeddable":true,"href":"https:\/\/frvilleroy.fr\/index.php?rest_route=%2Fwp%2Fv2%2Fproduct_tag&post=2237"}],"curies":[{"name":"wp","href":"https:\/\/api.w.org\/{rel}","templated":true}]}}