{"id":2006,"date":"2024-06-21T14:20:50","date_gmt":"2024-06-21T14:20:50","guid":{"rendered":"https:\/\/frvilleroy.fr\/?page_id=2006"},"modified":"2025-10-20T10:10:52","modified_gmt":"2025-10-20T10:10:52","slug":"reservation","status":"publish","type":"page","link":"https:\/\/frvilleroy.fr\/?page_id=2006","title":{"rendered":"R\u00e9servation"},"content":{"rendered":"\t\t<div data-elementor-type=\"wp-page\" data-elementor-id=\"2006\" class=\"elementor elementor-2006\">\n\t\t\t\t<div class=\"elementor-element elementor-element-69f7711c e-flex e-con-boxed e-con e-parent\" data-id=\"69f7711c\" data-element_type=\"container\" data-e-type=\"container\">\n\t\t\t\t\t<div class=\"e-con-inner\">\n\t\t<div class=\"elementor-element elementor-element-2b9f4df e-con-full e-flex e-con e-child\" data-id=\"2b9f4df\" data-element_type=\"container\" data-e-type=\"container\">\n\t\t\r\n\t\t<div class=\"elementor-element elementor-element-45e7694 elementor-widget elementor-widget-shortcode\" data-id=\"45e7694\" data-element_type=\"widget\" data-e-type=\"widget\" data-widget_type=\"shortcode.default\">\n\t\t\t\t<div class=\"elementor-widget-container\">\n\t\t\t\t\t\t\t<div class=\"elementor-shortcode\">\t\t<form id=\"bookacti-form-7-1906495421\" class=\"bookacti-booking-form bookacti-booking-form-7 \" autocomplete=\"off\" >\n\t\t\t\t<input type='hidden' name='form_id' value='7'\/>\n\t\t\t<input type='hidden' name='action' value='bookactiSubmitBookingForm'\/>\n\t\t\t<div class='bookacti-form-field-container bookacti-form-field-name-calendar bookacti-form-field-type-calendar bookacti-form-field-id-34' id='bookacti-form-field-calendar-34-form-7-1906495421' data-field-name=\"calendar\" data-field-type=\"calendar\" data-field-id=\"34\">\n\t\t\t<div class='bookacti-form-field-content' >\n\t\t\r\n\t<div class='bookacti-booking-system-container' id='bookacti-booking-system-form-7-1906495421-container' >\r\n\t\t<script>\r\n\t\t\t\/\/ Compatibility with Optimization plugins\r\n\t\t\tif( typeof bookacti === 'undefined' ) { var bookacti = { booking_system:[] }; }\r\n\t\t\tbookacti.booking_system[ 'bookacti-booking-system-form-7-1906495421' ] = {\"events\":[],\"events_data\":[],\"events_interval\":{\"start\":\"2026-05-06 14:10:52\",\"end\":\"2026-05-06 14:10:52\"},\"events_min_interval\":[],\"bookings\":[],\"groups_bookings\":[],\"booking_lists\":[],\"activities_data\":[],\"groups_events\":[],\"groups_data\":[],\"group_categories_data\":[],\"no_events\":0,\"id\":\"bookacti-booking-system-form-7-1906495421\",\"class\":\"\",\"hide_availability\":100,\"calendars\":[6],\"activities\":[10,9,11],\"group_categories\":[\"none\"],\"groups_only\":0,\"groups_single_events\":0,\"groups_first_event_only\":0,\"multiple_bookings\":1,\"bookings_only\":0,\"tooltip_booking_list\":0,\"tooltip_booking_list_columns\":[],\"status\":[],\"user_id\":[],\"method\":\"calendar\",\"auto_load\":0,\"start\":\"2026-05-11 14:10:52\",\"end\":\"2025-10-27 23:59:59\",\"trim\":0,\"past_events\":1,\"past_events_bookable\":0,\"days_off\":[],\"check_roles\":1,\"picked_events\":[],\"form_id\":7,\"form_action\":\"default\",\"when_perform_form_action\":\"on_submit\",\"redirect_url_by_activity\":[],\"redirect_url_by_group_category\":[],\"display_data\":{\"slotMinTime\":\"07:00\",\"slotMaxTime\":\"18:00\"},\"product_by_activity\":{\"9\":2332,\"10\":2333},\"product_by_group_category\":[],\"products_page_url\":[]};\r\n\t\t<\/script>\r\n\t\t\t\t\r\n\t\t<div class='bookacti-booking-system-inputs'>\r\n\t\t\t\t\t<\/div>\r\n\t\t\r\n\t\t\t\t\r\n\t\t<div id='bookacti-booking-system-form-7-1906495421' class='bookacti-booking-system ' >\r\n\t\t\t\t\t<div class='bookacti-calendar-title bookacti-booking-system-title'>\r\n\t\t\tChoisissez un \u00e9v\u00e8nement sur le calendrier\u00a0:\t\t<\/div>\r\n\t\t<div class='bookacti-calendar'><\/div>\r\n\t\t\t<\/div>\r\n\t\t\r\n\t\t\t\t\r\n\t\t<div class='bookacti-picked-events' style='display:none;' >\r\n\t\t\t<div class='bookacti-picked-events-list-title' ><\/div>\r\n\t\t\t<ul class='bookacti-picked-events-list bookacti-custom-scrollbar' >\r\n\t\t\t\t\t\t\t<\/ul>\r\n\t\t<\/div>\r\n\t\t\r\n\t\t<div class='bookacti-notices' style='display:none;' >\r\n\t\t\t\t\t<\/div>\r\n\t\t\r\n\t\t<div class='bookacti-tooltips-container'>\r\n\t\t\t\t\t<\/div>\r\n\t\t\r\n\t\t\t<\/div>\r\n\t<div id='bookacti-booking-system-form-7-1906495421-dialogs' class='bookacti-booking-system-dialogs' >\r\n\t\t\t<!-- Choose a group of events -->\r\n\t<div id='bookacti-booking-system-form-7-1906495421-choose-group-of-events-dialog' \r\n\t\t data-booking-system-id='bookacti-booking-system-form-7-1906495421' \r\n\t\t class='bookacti-backend-dialog bookacti-choose-group-of-events-dialog bookacti-booking-system-dialog' \r\n\t\t title='Cet \u00e9v\u00e8nement est disponible dans plusieurs groupes' \r\n\t\t style='display:none;' >\r\n\t\tQuel groupe d&#039;\u00e9v\u00e8nements voulez-vous s\u00e9lectionner&nbsp;?\t\t<div id='bookacti-booking-system-form-7-1906495421-groups-of-events-list' class='bookacti-groups-of-events-list' ><\/div>\r\n\t<\/div>\r\n\r\n\t\t<\/div>\r\n\t\t\t<\/div>\n\t<\/div>\n\t<div class='bookacti-form-field-container bookacti-form-field-name-login bookacti-form-field-type-login bookacti-form-field-id-35 bookacti-has-login-button bookacti-user-is-not-logged-in' id='bookacti-form-field-login-35-form-7-1906495421' data-field-name=\"login\" data-field-type=\"login\" data-field-id=\"35\">\n\t\t\t\t<div class='bookacti-form-field-login-field-container bookacti-login-field-login-type bookacti-custom-radio-button-container ' data-field-name='login_type'>\n\t\t\t\t\t\t<div class='bookacti-login-type-container bookacti-custom-radio-button bookacti-login-type-my_account' data-separator='ou'>\n\t\t\t\t\t<input type='radio' name='login_type' value='my_account' id='bookacti-form-7-1906495421-login-type-my_account' required  checked='checked'\/>\n\t\t\t\t\t<label for='bookacti-form-7-1906495421-login-type-my_account' \n\t\t\t\t\t\t   \n\t\t\t\t\t>\n\t\t\t\t\tSe connecter\t\t\t\t\t<\/label>\n\t\t\t\t<\/div>\n\t\t\t\t\t\t\t\t<div class='bookacti-login-type-container bookacti-custom-radio-button bookacti-login-type-new_account' data-separator='ou'>\n\t\t\t\t\t<input type='radio' name='login_type' value='new_account' id='bookacti-form-7-1906495421-login-type-new_account' required \/>\n\t\t\t\t\t<label for='bookacti-form-7-1906495421-login-type-new_account' \n\t\t\t\t\t\t   \n\t\t\t\t\t>\n\t\t\t\t\tCr\u00e9er un compte\t\t\t\t\t<\/label>\n\t\t\t\t<\/div>\n\t\t\t\t\t\t\t\t<div class='bookacti-login-type-container bookacti-custom-radio-button bookacti-login-type-no_account' data-separator='ou'>\n\t\t\t\t\t<input type='radio' name='login_type' value='no_account' id='bookacti-form-7-1906495421-login-type-no_account' required \/>\n\t\t\t\t\t<label for='bookacti-form-7-1906495421-login-type-no_account' \n\t\t\t\t\t\t   \n\t\t\t\t\t>\n\t\t\t\t\tR\u00e9server sans compte\t\t\t\t\t<\/label>\n\t\t\t\t<\/div>\n\t\t\t\t\t\t\t<\/div>\n\t\t\t\t<div class='bookacti-user-data-fields'>\n\t\t\t<div class='bookacti-log-in-fields'>\n\t\t\t\t\t\t\t\t<div class='bookacti-form-field-login-field-container bookacti-login-field-email' id='bookacti-form-field-login-35-form-7-1906495421-email-container' data-field-name='email' data-field-type='email'>\n\t\t\t\t\t<div class='bookacti-form-field-label' >\n\t\t\t\t\t\t<label for='bookacti-form-field-login-35-form-7-1906495421-email' >\n\t\t\t\t\t\t\tE-mail\t\t\t\t\t\t\t<span class='bookacti-required-field-indicator' title='Champ obligatoire'><\/span>\n\t\t\t\t\t\t<\/label>\n\t\t\t\t\t\t\t\t\t\t<\/div>\n\t\t\t\t\t<div class='bookacti-form-field-content' >\n\t\t\t\t\t\t\t<input type='text' \r\n\t\t\t\tname='email' \r\n\t\t\t\tvalue='' \r\n\t\t\t\tautocomplete='off'\r\n\t\t\t\tid='bookacti-form-field-login-35-form-7-1906495421-email' \r\n\t\t\t\tclass='bookacti-input bookacti-form-field bookacti-email bookacti-required-field' \r\n\t\t\t\t\t\t\tplaceholder='' \r\n\t\t\t required\t\t\/>\r\n\t\t\t\t\t\t<\/div>\n\t\t\t\t\t\t\t\t\t<\/div>\n\t\t\t\t<div class='bookacti-form-field-login-field-container bookacti-login-field-password ' id='bookacti-form-field-login-35-form-7-1906495421-password-container' data-field-name='password' data-field-type='password'>\n\t\t\t\t\t<div class='bookacti-form-field-label' >\n\t\t\t\t\t\t<label for='bookacti-form-field-login-35-form-7-1906495421-password' >\n\t\t\t\t\t\t\tMot de passe\t\t\t\t\t\t\t<span class='bookacti-required-field-indicator' title='Champ obligatoire'><\/span>\n\t\t\t\t\t\t<\/label>\n\t\t\t\t\t\t\t\t\t\t<\/div>\n\t\t\t\t\t<div class='bookacti-form-field-content' >\n\t\t\t\t\t\t\t<input type='password' \r\n\t\t\t\tname='password' \r\n\t\t\t\tvalue='' \r\n\t\t\t\tautocomplete='off'\r\n\t\t\t\tid='bookacti-form-field-login-35-form-7-1906495421-password' \r\n\t\t\t\tclass='bookacti-input bookacti-form-field bookacti-password bookacti-required-field' \r\n\t\t\t\t\t\t\tplaceholder='' \r\n\t\t\t required\t\t\/>\r\n\t\t\t\t\t\t\t\t<div class='bookacti-password-strength' style='display:none;'>\n\t\t\t\t\t\t\t\t<span class='bookacti-password-strength-meter'><\/span>\n\t\t\t\t\t\t\t\t<input type='hidden' name='password_strength' class='bookacti-password_strength' value='0' min='4' \/>\n\t\t\t\t\t\t\t<\/div>\n\t\t\t\t\t\t\t\t\t\t\t\t\t\t<div class='bookacti-forgotten-password' >\n\t\t\t\t\t\t\t\t<a href='#' class='bookacti-forgotten-password-link' data-field-id='bookacti-form-field-login-35-form-7-1906495421'>Mot de passe oubli\u00e9\u00a0?<\/a>\n\t\t\t\t\t\t\t\t\t\t\t\t\t\t<\/div>\n\t\t\t\t\t\t\t\t\t\t\t\t\t\t<div data-field-id='bookacti-form-field-login-35-form-7-1906495421' class='bookacti-backend-dialog bookacti-forgotten-password-dialog bookacti-form-dialog' title='Mot de passe oubli\u00e9' style='display:none;'>\n\t\t\t\t\t\t\t\t<div class='bookacti-forgotten-password-dialog-description' >\n\t\t\t\t\t\t\t\t\t<p>\n\t\t\t\t\t\t\t\t\tVeuillez saisir votre adresse de messagerie. Vous recevrez un lien pour cr\u00e9er un nouveau mot de passe par e-mail.\t\t\t\t\t\t\t\t\t<\/p>\n\t\t\t\t\t\t\t\t<\/div>\n\t\t\t\t\t\t\t\t<div class='bookacti-forgotten-password-dialog-fields' >\n\t\t\t\t\t\t\t\t\t\t\t<div class='bookacti-field-container ' id='bookacti-forgotten-password-email-bookacti-form-field-login-35-form-7-1906495421-container'>\r\n\t\t\t\t<input type='email' \r\n\t\t\t\tname='forgotten_password_email' \r\n\t\t\t\tvalue='' \r\n\t\t\t\tautocomplete='off'\r\n\t\t\t\tid='bookacti-forgotten-password-email-bookacti-form-field-login-35-form-7-1906495421' \r\n\t\t\t\tclass='bookacti-input bookacti-forgotten-password-email' \r\n\t\t\t\t\t\t\tplaceholder='Votre adresse e-mail' \r\n\t\t\t\t\t\/>\r\n\t\t\t<\/div>\r\n\t\t\t\t\t\t\t\t\t<\/div>\n\t\t\t\t\t\t\t<\/div>\n\t\t\t\t\t\t\t\t\t\t\t<\/div>\n\t\t\t\t\t\t\t\t\t<\/div>\n\t\t\t\t\t\t\t<\/div>\n\t\t\t\t\t\t\t\t<div class='bookacti-register-fields' id='bookacti-form-field-login-35-form-7-1906495421-register-fields' style='display:none;' >\n\t\t\t\t\t\t\t\t\t\t\t\t\t\t<div class='bookacti-form-field-login-field-container bookacti-login-field-first_name' id='bookacti-form-field-login-35-form-7-1906495421-first_name-container' data-field-name='first_name' data-field-type='text'>\n\t\t\t\t\t\t\t\t\t\t\t\t\t\t\t\t\t\t\t<div class='bookacti-form-field-label' >\n\t\t\t\t\t\t\t\t\t\t\t<label for='bookacti-form-field-login-35-form-7-1906495421-first_name' >\n\t\t\t\t\t\t\t\t\t\t\tPr\u00e9nom\t\t\t\t\t\t\t\t\t\t\t<\/label>\n\t\t\t\t\t\t\t\t\t\t\t\t\t\t\t\t\t\t\t\t<\/div>\n\t\t\t\t\t\t\t\t\t\t\t\t\t\t\t\t\t\t<div class='bookacti-form-field-content' >\n\t\t\t\t\t\t\t\t\t\t\t<input type='text' \r\n\t\t\t\tname='first_name' \r\n\t\t\t\tvalue='' \r\n\t\t\t\tautocomplete='off'\r\n\t\t\t\tid='bookacti-form-field-login-35-form-7-1906495421-first_name' \r\n\t\t\t\tclass='bookacti-input bookacti-form-field bookacti-first_name' \r\n\t\t\t\t\t\t\tplaceholder='' \r\n\t\t\t\t\t\/>\r\n\t\t\t\t\t\t\t\t\t\t<\/div>\n\t\t\t\t\t\t\t\t\t\t\t\t\t\t\t\t\t<\/div>\n\t\t\t\t\t\t\t\t\t\t\t\t\t\t\t<div class='bookacti-form-field-login-field-container bookacti-login-field-last_name' id='bookacti-form-field-login-35-form-7-1906495421-last_name-container' data-field-name='last_name' data-field-type='text'>\n\t\t\t\t\t\t\t\t\t\t\t\t\t\t\t\t\t\t\t<div class='bookacti-form-field-label' >\n\t\t\t\t\t\t\t\t\t\t\t<label for='bookacti-form-field-login-35-form-7-1906495421-last_name' >\n\t\t\t\t\t\t\t\t\t\t\tNom\t\t\t\t\t\t\t\t\t\t\t<\/label>\n\t\t\t\t\t\t\t\t\t\t\t\t\t\t\t\t\t\t\t\t<\/div>\n\t\t\t\t\t\t\t\t\t\t\t\t\t\t\t\t\t\t<div class='bookacti-form-field-content' >\n\t\t\t\t\t\t\t\t\t\t\t<input type='text' \r\n\t\t\t\tname='last_name' \r\n\t\t\t\tvalue='' \r\n\t\t\t\tautocomplete='off'\r\n\t\t\t\tid='bookacti-form-field-login-35-form-7-1906495421-last_name' \r\n\t\t\t\tclass='bookacti-input bookacti-form-field bookacti-last_name' \r\n\t\t\t\t\t\t\tplaceholder='' \r\n\t\t\t\t\t\/>\r\n\t\t\t\t\t\t\t\t\t\t<\/div>\n\t\t\t\t\t\t\t\t\t\t\t\t\t\t\t\t\t<\/div>\n\t\t\t\t\t\t\t\t\t\t\t\t\t\t\t<div class='bookacti-form-field-login-field-container bookacti-login-field-phone' id='bookacti-form-field-login-35-form-7-1906495421-phone-container' data-field-name='phone' data-field-type='tel'>\n\t\t\t\t\t\t\t\t\t\t\t\t\t\t\t\t\t\t\t<div class='bookacti-form-field-label' >\n\t\t\t\t\t\t\t\t\t\t\t<label for='bookacti-form-field-login-35-form-7-1906495421-phone' >\n\t\t\t\t\t\t\t\t\t\t\tNum\u00e9ro de t\u00e9l\u00e9phone\t\t\t\t\t\t\t\t\t\t\t<\/label>\n\t\t\t\t\t\t\t\t\t\t\t\t\t\t\t\t\t\t\t\t<\/div>\n\t\t\t\t\t\t\t\t\t\t\t\t\t\t\t\t\t\t<div class='bookacti-form-field-content' >\n\t\t\t\t\t\t\t\t\t\t\t<input type='tel' \r\n\t\t\t\tname='phone' \r\n\t\t\t\tvalue='' \r\n\t\t\t\tautocomplete='off'\r\n\t\t\t\tid='bookacti-form-field-login-35-form-7-1906495421-phone' \r\n\t\t\t\tclass='bookacti-input bookacti-form-field bookacti-phone' \r\n\t\t\t\t\t\t\tplaceholder='' \r\n\t\t\t\t\t\/>\r\n\t\t\t\t\t\t\t\t\t\t<\/div>\n\t\t\t\t\t\t\t\t\t\t\t\t\t\t\t\t\t<\/div>\n\t\t\t\t\t\t\t\t\t\t\t\t<\/div>\n\t\t\t\t\t\t\t<div class='bookacti-form-field-login-field-container bookacti-login-field-submit-button' id='bookacti-form-field-login-35-form-7-1906495421-submit-button' style='display:none;'>\n\t\t\t\t<input type='button' value='Se connecter' class='bookacti-login-button button' data-login-label='Se connecter' data-register-label='Inscription'\/>\n\t\t\t<\/div>\n\t\t\t\t\t<\/div>\n\t<\/div>\n\t\t<div class='bookacti-form-field-container bookacti-form-field-name-quantity bookacti-form-field-type-quantity bookacti-form-field-id-36' id='bookacti-form-field-quantity-36-form-7-1906495421' data-field-name=\"quantity\" data-field-type=\"quantity\" data-field-id=\"36\">\n\t\t\t<div class='bookacti-form-field-label' >\n\t\t\t<label>\n\t\t\tQuantit\u00e9\t\t\t<\/label>\n\t\t\t\t<\/div>\n\t\t\t<div class='bookacti-form-field-content' >\n\t\t\t\t<input type='number' \r\n\t\t\t\tname='quantity' \r\n\t\t\t\tvalue='1' \r\n\t\t\t\tautocomplete='off'\r\n\t\t\t\tid='7f1bc27edb460e919afcccd1e12e13e5' \r\n\t\t\t\tclass='bookacti-input bookacti-form-field bookacti-quantity' \r\n\t\t\t\t\t\t\tplaceholder='' \r\n\t\t\t\t\t\t\tmin='1' \r\n\t\t\t\tmax=''\r\n\t\t\t\tstep=''\r\n\t\t\t\t\t\/>\r\n\t\t\t<\/div>\n\t<\/div>\n\t<div class='bookacti-form-field-container bookacti-form-field-name-submit bookacti-form-field-type-submit bookacti-form-field-id-37' id='bookacti-form-field-submit-37-form-7-1906495421' data-field-name=\"submit\" data-field-type=\"submit\" data-field-id=\"37\">\n\t\t<input type='submit' class='bookacti-submit-form button' value='R\u00e9server'\/>\n\t\t<input type='button' class='bookacti-new-booking-button button' value='Faire une nouvelle r\u00e9servation' style='display:none;'\/>\n\t<\/div>\n\t\t<div class='bookacti-form-field-container bookacti-form-field-name-total_price bookacti-form-field-type-total_price bookacti-form-field-id-38' id='bookacti-form-field-total_price-38-form-7-1906495421' style=\"display:none;\" data-field-name=\"total_price\" data-field-type=\"total_price\" data-field-id=\"38\">\n\t\t<input type='hidden' name='total_price' value='0' class='bookacti-total-price-value'\/>\n\t\t\t\t<label>Prix total<\/label>\n\t\t\t\t\t\t<table class='bookacti-total-price-table'>\n\t\t\t<thead>\n\t\t\t\t<tr>\n\t\t\t\t\t<th>Articles<\/th>\n\t\t\t\t\t<th>Prix<\/th>\n\t\t\t\t<\/tr>\n\t\t\t<\/thead>\n\t\t\t<tbody>\n\t\t\t\t\t\t<\/tbody>\n\t\t\t<tfoot>\n\t\t\t\t<tr>\n\t\t\t\t\t<th>\n\t\t\t\t\tTotal\t\t\t\t\t<\/th>\n\t\t\t\t\t<th class='bookacti-grand-total-price-container'>\n\t\t\t\t\t\t\t\t\t\t<\/th>\n\t\t\t\t<\/tr>\n\t\t\t<\/tfoot>\n\t\t<\/table>\n\t\t<\/div>\n\t\t\t<div class='bookacti-notices' style='display:none;'><\/div>\n\t\t\t<\/form>\n\t<\/div>\n\t\t\t\t\t\t<\/div>\n\t\t\t\t<\/div>\n\t\t<div class=\"elementor-element elementor-element-f30ec4f e-con-full e-flex e-con e-child\" data-id=\"f30ec4f\" data-element_type=\"container\" data-e-type=\"container\">\n\t\t\t\t<\/div>\n\t\t\t\t<\/div>\n\t\t\t\t\t<\/div>\n\t\t\t\t<\/div>\n\t\t\t\t<\/div>\n\t\t","protected":false},"excerpt":{"rendered":"","protected":false},"author":1,"featured_media":0,"parent":0,"menu_order":0,"comment_status":"closed","ping_status":"closed","template":"","meta":{"footnotes":""},"class_list":["post-2006","page","type-page","status-publish","hentry"],"jetpack_sharing_enabled":true,"_links":{"self":[{"href":"https:\/\/frvilleroy.fr\/index.php?rest_route=\/wp\/v2\/pages\/2006","targetHints":{"allow":["GET"]}}],"collection":[{"href":"https:\/\/frvilleroy.fr\/index.php?rest_route=\/wp\/v2\/pages"}],"about":[{"href":"https:\/\/frvilleroy.fr\/index.php?rest_route=\/wp\/v2\/types\/page"}],"author":[{"embeddable":true,"href":"https:\/\/frvilleroy.fr\/index.php?rest_route=\/wp\/v2\/users\/1"}],"replies":[{"embeddable":true,"href":"https:\/\/frvilleroy.fr\/index.php?rest_route=%2Fwp%2Fv2%2Fcomments&post=2006"}],"version-history":[{"count":24,"href":"https:\/\/frvilleroy.fr\/index.php?rest_route=\/wp\/v2\/pages\/2006\/revisions"}],"predecessor-version":[{"id":2337,"href":"https:\/\/frvilleroy.fr\/index.php?rest_route=\/wp\/v2\/pages\/2006\/revisions\/2337"}],"wp:attachment":[{"href":"https:\/\/frvilleroy.fr\/index.php?rest_route=%2Fwp%2Fv2%2Fmedia&parent=2006"}],"curies":[{"name":"wp","href":"https:\/\/api.w.org\/{rel}","templated":true}]}}